{"id":7102,"date":"2024-05-25T14:55:30","date_gmt":"2024-05-25T14:55:30","guid":{"rendered":"https:\/\/emtop.gulfmgroup.com\/?page_id=7102"},"modified":"2024-05-25T15:08:05","modified_gmt":"2024-05-25T15:08:05","slug":"blog-5","status":"publish","type":"page","link":"https:\/\/emtop.gulfmgroup.com\/es\/blog-5\/","title":{"rendered":"BLOG"},"content":{"rendered":"<div data-elementor-type=\"wp-page\" data-elementor-id=\"7102\" class=\"elementor elementor-7102\">\n\t\t\t\t<div class=\"elementor-element elementor-element-245a74c e-flex e-con-boxed e-con e-parent\" data-id=\"245a74c\" data-element_type=\"container\" data-e-type=\"container\">\n\t\t\t\t\t<div class=\"e-con-inner\">\n\t\t\t\t<div class=\"elementor-element elementor-element-fd4c026 section-title-style-style2 section-title-align-center elementor-widget elementor-widget-tpg-section-title\" data-id=\"fd4c026\" data-element_type=\"widget\" data-e-type=\"widget\" data-widget_type=\"tpg-section-title.default\">\n\t\t\t\t<div class=\"elementor-widget-container\">\n\t\t\t\t\t\t\t<div class=\"rt-container-fluid rt-tpg-container tpg-el-main-wrapper clearfix  section-title-style-style2 section-title-align-center\">\n\t\t\t<div class='tpg-header-wrapper'>\n        <div class=\"tpg-widget-heading-wrapper rt-clear heading-style2\">\n            <span class=\"tpg-widget-heading-line line-left\"><\/span>\n            <h1 class='tpg-widget-heading'>\n            \n                                    <span>\n\t\t\t\t\t\tOur Blog\t\t\t\t\t<\/span>\n                    \n                            <\/h1>            <span class=\"tpg-widget-heading-line line-right\"><\/span>\n\n            \n        <\/div>\n\n        \n        <\/div>\t\t<\/div>\n\t\t\t\t\t\t<\/div>\n\t\t\t\t<\/div>\n\t\t\t\t\t<\/div>\n\t\t\t\t<\/div>\n\t\t<div class=\"elementor-element elementor-element-e3ea63e e-flex e-con-boxed e-con e-parent\" data-id=\"e3ea63e\" data-element_type=\"container\" data-e-type=\"container\">\n\t\t\t\t\t<div class=\"e-con-inner\">\n\t\t\t\t<div class=\"elementor-element elementor-element-3eaa684 title_position_default title_hover_border_default title-default img_hover_animation_default readmore-btn-default-style grid-hover-overlay-type-always tpg-el-box-border-enable tpg-border-bottom-disable elementor-widget elementor-widget-tpg-grid-layout\" data-id=\"3eaa684\" data-element_type=\"widget\" data-e-type=\"widget\" data-widget_type=\"tpg-grid-layout.default\">\n\t\t\t\t<div class=\"elementor-widget-container\">\n\t\t\t\t\t\t\t<div class=\"rt-container-fluid rt-tpg-container tpg-el-main-wrapper clearfix grid-layout1-main\"\n\t\t\t id=\"rt-tpg-container-2389859215\"\n\t\t\t data-layout=\"grid-layout1\"\n\t\t\t data-grid-style=\"tpg-full-height\"\n\t\t\t data-sc-id=\"elementor\"\n\t\t\t data-el-settings=''\n\t\t\t data-el-query=''\n\t\t\t data-el-path=''\n\t\t>\n\t\t\t\t\t\t<div class='tpg-header-wrapper'>\n\t\t\t\t\t\t\t<\/div>\n\n\t\t\t<div data-title=\"Loading ...\" class=\"rt-row rt-content-loader grid-layout1 grid-behaviour tpg-full-height grid_layout_wrapper\">\n\t\t\t\t<div class=\"rt-col-md-4 rt-col-sm-6 rt-col-xs-12 default rt-grid-item post-7108 post type-post status-publish format-standard has-post-thumbnail hentry category-smartphone\"        data-id=\"7108\">\n    <div class=\"rt-holder tpg-post-holder\">\n        <div class=\"rt-detail rt-el-content-wrapper\">\n\t\t\t                <div class=\"rt-img-holder tpg-el-image-wrap has-thumbnail\">\n\t\t\t\t\t<a data-id=\"7108\" href=\"https:\/\/emtop.gulfmgroup.com\/es\/choosing-the-right-lawn-mower-for-your-garden\/\" class=\"tpg-post-link\" target=\"_self\">                        <img fetchpriority=\"high\" decoding=\"async\" src=\"https:\/\/emtop.gulfmgroup.com\/wp-content\/uploads\/2024\/05\/image051.png\"\n                             class=\"rt-img-responsive\"\n                             width=\"331\"\n                             height=\"206\"\n                             alt=\"Escoger el Derecho de Cortadora de C\u00e9sped de Su Jard\u00edn\">\n                        \n                            \n        <\/a>\n                <div class=\"overlay grid-hover-content\"><\/div>\n                        <\/div>\n\t\t\t\n\t\t\t<div class=\"entry-title-wrapper\"><h3 class=\"entry-title\"><a data-id=\"7108\" href=\"https:\/\/emtop.gulfmgroup.com\/es\/choosing-the-right-lawn-mower-for-your-garden\/\" class=\"tpg-post-link\" target=\"_self\">Escoger el Derecho de Cortadora de C\u00e9sped de Su Jard\u00edn<\/a><\/h3><\/div>\n\t\t\t\n\n\t\t\t                <div class=\"tpg-excerpt tpg-el-excerpt\">\n\t\t\t\t\t                        <div class=\"tpg-excerpt-inner\">\n\t\t\t\t\t\t\tIntroduction: A well-maintained lawn adds beauty and value to your home. Selecting the right lawn mower is crucial for achieving that perfect cut. Conclusion: Selecting the right lawn mower tailored...                        <\/div>\n\t\t\t\t\t\t\t\t\t\t                <\/div>\n\t\t\t\n\t\t\t        <div class=\"post-footer\">\n            <div class=\"post-footer\">\n                <div class=\"read-more\">\n                    <a data-id=\"7108\" href=\"https:\/\/emtop.gulfmgroup.com\/es\/choosing-the-right-lawn-mower-for-your-garden\/\" class=\"tpg-post-link\" target=\"_self\">Read More<\/a>                <\/div>\n            <\/div>\n        <\/div>\n                <\/div>\n    <\/div>\n<\/div>\n<div class=\"rt-col-md-4 rt-col-sm-6 rt-col-xs-12 default rt-grid-item post-7107 post type-post status-publish format-standard has-post-thumbnail hentry category-smartphone tag-phone tag-standart\"        data-id=\"7107\">\n    <div class=\"rt-holder tpg-post-holder\">\n        <div class=\"rt-detail rt-el-content-wrapper\">\n\t\t\t                <div class=\"rt-img-holder tpg-el-image-wrap has-thumbnail\">\n\t\t\t\t\t<a data-id=\"7107\" href=\"https:\/\/emtop.gulfmgroup.com\/es\/the-evolution-of-hand-and-power-tools-in-construction\/\" class=\"tpg-post-link\" target=\"_self\">                        <img decoding=\"async\" src=\"https:\/\/emtop.gulfmgroup.com\/wp-content\/uploads\/2023\/03\/07ebba0dbaf3ac5150698a4ece476db5-768x380.jpg\"\n                             class=\"rt-img-responsive\"\n                             width=\"768\"\n                             height=\"380\"\n                             alt=\"La Evoluci\u00f3n de la Mano y Herramientas el\u00e9ctricas en Construcci\u00f3n\" loading=\"lazy\">\n                        \n                            \n        <\/a>\n                <div class=\"overlay grid-hover-content\"><\/div>\n                        <\/div>\n\t\t\t\n\t\t\t<div class=\"entry-title-wrapper\"><h3 class=\"entry-title\"><a data-id=\"7107\" href=\"https:\/\/emtop.gulfmgroup.com\/es\/the-evolution-of-hand-and-power-tools-in-construction\/\" class=\"tpg-post-link\" target=\"_self\">La Evoluci\u00f3n de la Mano y Herramientas el\u00e9ctricas en Construcci\u00f3n<\/a><\/h3><\/div>\n\t\t\t\n\n\t\t\t                <div class=\"tpg-excerpt tpg-el-excerpt\">\n\t\t\t\t\t                        <div class=\"tpg-excerpt-inner\">\n\t\t\t\t\t\t\tThe construction industry, one of the oldest and most crucial, has undergone significant advancements over time, particularly in the tools used. From simple hand tools to advanced power tools, these...                        <\/div>\n\t\t\t\t\t\t\t\t\t\t                <\/div>\n\t\t\t\n\t\t\t        <div class=\"post-footer\">\n            <div class=\"post-footer\">\n                <div class=\"read-more\">\n                    <a data-id=\"7107\" href=\"https:\/\/emtop.gulfmgroup.com\/es\/the-evolution-of-hand-and-power-tools-in-construction\/\" class=\"tpg-post-link\" target=\"_self\">Read More<\/a>                <\/div>\n            <\/div>\n        <\/div>\n                <\/div>\n    <\/div>\n<\/div>\n<div class=\"rt-col-md-4 rt-col-sm-6 rt-col-xs-12 default rt-grid-item post-7106 post type-post status-publish format-standard has-post-thumbnail hentry category-tablet\"        data-id=\"7106\">\n    <div class=\"rt-holder tpg-post-holder\">\n        <div class=\"rt-detail rt-el-content-wrapper\">\n\t\t\t                <div class=\"rt-img-holder tpg-el-image-wrap has-thumbnail\">\n\t\t\t\t\t<a data-id=\"7106\" href=\"https:\/\/emtop.gulfmgroup.com\/es\/essential-tools-for-every-car-enthusiasts-garage\/\" class=\"tpg-post-link\" target=\"_self\">                        <img decoding=\"async\" src=\"https:\/\/emtop.gulfmgroup.com\/wp-content\/uploads\/2024\/05\/image006.png\"\n                             class=\"rt-img-responsive\"\n                             width=\"331\"\n                             height=\"203\"\n                             alt=\"Herramientas esenciales para Cada Entusiasta de los Coches del Garaje\" loading=\"lazy\">\n                        \n                            \n        <\/a>\n                <div class=\"overlay grid-hover-content\"><\/div>\n                        <\/div>\n\t\t\t\n\t\t\t<div class=\"entry-title-wrapper\"><h3 class=\"entry-title\"><a data-id=\"7106\" href=\"https:\/\/emtop.gulfmgroup.com\/es\/essential-tools-for-every-car-enthusiasts-garage\/\" class=\"tpg-post-link\" target=\"_self\">Herramientas esenciales para Cada Entusiasta de los Coches del Garaje<\/a><\/h3><\/div>\n\t\t\t\n\n\t\t\t                <div class=\"tpg-excerpt tpg-el-excerpt\">\n\t\t\t\t\t                        <div class=\"tpg-excerpt-inner\">\n\t\t\t\t\t\t\tIntroduction: Having a well-equipped garage is crucial for any car enthusiast who enjoys performing maintenance and upgrades on their vehicle. Conclusion: Building a comprehensive set of automotive...                        <\/div>\n\t\t\t\t\t\t\t\t\t\t                <\/div>\n\t\t\t\n\t\t\t        <div class=\"post-footer\">\n            <div class=\"post-footer\">\n                <div class=\"read-more\">\n                    <a data-id=\"7106\" href=\"https:\/\/emtop.gulfmgroup.com\/es\/essential-tools-for-every-car-enthusiasts-garage\/\" class=\"tpg-post-link\" target=\"_self\">Read More<\/a>                <\/div>\n            <\/div>\n        <\/div>\n                <\/div>\n    <\/div>\n<\/div>\n<div class=\"rt-col-md-4 rt-col-sm-6 rt-col-xs-12 default rt-grid-item post-7105 post type-post status-publish format-standard has-post-thumbnail hentry category-smartphone\"        data-id=\"7105\">\n    <div class=\"rt-holder tpg-post-holder\">\n        <div class=\"rt-detail rt-el-content-wrapper\">\n\t\t\t                <div class=\"rt-img-holder tpg-el-image-wrap has-thumbnail\">\n\t\t\t\t\t<a data-id=\"7105\" href=\"https:\/\/emtop.gulfmgroup.com\/es\/choosing-the-right-lawn-mower-for-your-garden-2\/\" class=\"tpg-post-link\" target=\"_self\">                        <img fetchpriority=\"high\" decoding=\"async\" src=\"https:\/\/emtop.gulfmgroup.com\/wp-content\/uploads\/2024\/05\/image051.png\"\n                             class=\"rt-img-responsive\"\n                             width=\"331\"\n                             height=\"206\"\n                             alt=\"Escoger el Derecho de Cortadora de C\u00e9sped de Su Jard\u00edn\">\n                        \n                            \n        <\/a>\n                <div class=\"overlay grid-hover-content\"><\/div>\n                        <\/div>\n\t\t\t\n\t\t\t<div class=\"entry-title-wrapper\"><h3 class=\"entry-title\"><a data-id=\"7105\" href=\"https:\/\/emtop.gulfmgroup.com\/es\/choosing-the-right-lawn-mower-for-your-garden-2\/\" class=\"tpg-post-link\" target=\"_self\">Escoger el Derecho de Cortadora de C\u00e9sped de Su Jard\u00edn<\/a><\/h3><\/div>\n\t\t\t\n\n\t\t\t                <div class=\"tpg-excerpt tpg-el-excerpt\">\n\t\t\t\t\t                        <div class=\"tpg-excerpt-inner\">\n\t\t\t\t\t\t\tIntroduction: A well-maintained lawn adds beauty and value to your home. Selecting the right lawn mower is crucial for achieving that perfect cut. Conclusion: Selecting the right lawn mower tailored...                        <\/div>\n\t\t\t\t\t\t\t\t\t\t                <\/div>\n\t\t\t\n\t\t\t        <div class=\"post-footer\">\n            <div class=\"post-footer\">\n                <div class=\"read-more\">\n                    <a data-id=\"7105\" href=\"https:\/\/emtop.gulfmgroup.com\/es\/choosing-the-right-lawn-mower-for-your-garden-2\/\" class=\"tpg-post-link\" target=\"_self\">Read More<\/a>                <\/div>\n            <\/div>\n        <\/div>\n                <\/div>\n    <\/div>\n<\/div>\n<div class=\"rt-col-md-4 rt-col-sm-6 rt-col-xs-12 default rt-grid-item post-7104 post type-post status-publish format-standard has-post-thumbnail hentry category-tablet\"        data-id=\"7104\">\n    <div class=\"rt-holder tpg-post-holder\">\n        <div class=\"rt-detail rt-el-content-wrapper\">\n\t\t\t                <div class=\"rt-img-holder tpg-el-image-wrap has-thumbnail\">\n\t\t\t\t\t<a data-id=\"7104\" href=\"https:\/\/emtop.gulfmgroup.com\/es\/maximizing-efficiency-with-electric-drills\/\" class=\"tpg-post-link\" target=\"_self\">                        <img loading=\"lazy\" decoding=\"async\" src=\"https:\/\/emtop.gulfmgroup.com\/wp-content\/uploads\/2024\/05\/image001.png\"\n                             class=\"rt-img-responsive\"\n                             width=\"331\"\n                             height=\"261\"\n                             alt=\"Maximizing Efficiency with Electric Drills\">\n                        \n                            \n        <\/a>\n                <div class=\"overlay grid-hover-content\"><\/div>\n                        <\/div>\n\t\t\t\n\t\t\t<div class=\"entry-title-wrapper\"><h3 class=\"entry-title\"><a data-id=\"7104\" href=\"https:\/\/emtop.gulfmgroup.com\/es\/maximizing-efficiency-with-electric-drills\/\" class=\"tpg-post-link\" target=\"_self\">Maximizing Efficiency with Electric Drills<\/a><\/h3><\/div>\n\t\t\t\n\n\t\t\t                <div class=\"tpg-excerpt tpg-el-excerpt\">\n\t\t\t\t\t                        <div class=\"tpg-excerpt-inner\">\n\t\t\t\t\t\t\tIntroduction: Electric drills are an essential tool for both professional carpenters and DIY enthusiasts. Their versatility and power make them indispensable for a variety of tasks. Conclusion:...                        <\/div>\n\t\t\t\t\t\t\t\t\t\t                <\/div>\n\t\t\t\n\t\t\t        <div class=\"post-footer\">\n            <div class=\"post-footer\">\n                <div class=\"read-more\">\n                    <a data-id=\"7104\" href=\"https:\/\/emtop.gulfmgroup.com\/es\/maximizing-efficiency-with-electric-drills\/\" class=\"tpg-post-link\" target=\"_self\">Read More<\/a>                <\/div>\n            <\/div>\n        <\/div>\n                <\/div>\n    <\/div>\n<\/div>\n<div class=\"rt-col-md-4 rt-col-sm-6 rt-col-xs-12 default rt-grid-item post-1653 post type-post status-publish format-standard has-post-thumbnail hentry category-tablet\"        data-id=\"1653\">\n    <div class=\"rt-holder tpg-post-holder\">\n        <div class=\"rt-detail rt-el-content-wrapper\">\n\t\t\t                <div class=\"rt-img-holder tpg-el-image-wrap has-thumbnail\">\n\t\t\t\t\t<a data-id=\"1653\" href=\"https:\/\/emtop.gulfmgroup.com\/es\/english-breakfast-tea-with-tasty-donut-desserts\/\" class=\"tpg-post-link\" target=\"_self\">                        <img loading=\"lazy\" decoding=\"async\" src=\"https:\/\/emtop.gulfmgroup.com\/wp-content\/uploads\/2024\/05\/image001.png\"\n                             class=\"rt-img-responsive\"\n                             width=\"331\"\n                             height=\"261\"\n                             alt=\"Maximizing Efficiency with Electric Drills\">\n                        \n                            \n        <\/a>\n                <div class=\"overlay grid-hover-content\"><\/div>\n                        <\/div>\n\t\t\t\n\t\t\t<div class=\"entry-title-wrapper\"><h3 class=\"entry-title\"><a data-id=\"1653\" href=\"https:\/\/emtop.gulfmgroup.com\/es\/english-breakfast-tea-with-tasty-donut-desserts\/\" class=\"tpg-post-link\" target=\"_self\">Maximizing Efficiency with Electric Drills<\/a><\/h3><\/div>\n\t\t\t\n\n\t\t\t                <div class=\"tpg-excerpt tpg-el-excerpt\">\n\t\t\t\t\t                        <div class=\"tpg-excerpt-inner\">\n\t\t\t\t\t\t\tIntroduction: Electric drills are an essential tool for both professional carpenters and DIY enthusiasts. Their versatility and power make them indispensable for a variety of tasks. Conclusion:...                        <\/div>\n\t\t\t\t\t\t\t\t\t\t                <\/div>\n\t\t\t\n\t\t\t        <div class=\"post-footer\">\n            <div class=\"post-footer\">\n                <div class=\"read-more\">\n                    <a data-id=\"1653\" href=\"https:\/\/emtop.gulfmgroup.com\/es\/english-breakfast-tea-with-tasty-donut-desserts\/\" class=\"tpg-post-link\" target=\"_self\">Read More<\/a>                <\/div>\n            <\/div>\n        <\/div>\n                <\/div>\n    <\/div>\n<\/div>\n<div class=\"rt-col-md-4 rt-col-sm-6 rt-col-xs-12 default rt-grid-item post-1650 post type-post status-publish format-standard has-post-thumbnail hentry category-smartphone\"        data-id=\"1650\">\n    <div class=\"rt-holder tpg-post-holder\">\n        <div class=\"rt-detail rt-el-content-wrapper\">\n\t\t\t                <div class=\"rt-img-holder tpg-el-image-wrap has-thumbnail\">\n\t\t\t\t\t<a data-id=\"1650\" href=\"https:\/\/emtop.gulfmgroup.com\/es\/the-problem-with-typefaces-on-the-web\/\" class=\"tpg-post-link\" target=\"_self\">                        <img fetchpriority=\"high\" decoding=\"async\" src=\"https:\/\/emtop.gulfmgroup.com\/wp-content\/uploads\/2024\/05\/image051.png\"\n                             class=\"rt-img-responsive\"\n                             width=\"331\"\n                             height=\"206\"\n                             alt=\"Escoger el Derecho de Cortadora de C\u00e9sped de Su Jard\u00edn\">\n                        \n                            \n        <\/a>\n                <div class=\"overlay grid-hover-content\"><\/div>\n                        <\/div>\n\t\t\t\n\t\t\t<div class=\"entry-title-wrapper\"><h3 class=\"entry-title\"><a data-id=\"1650\" href=\"https:\/\/emtop.gulfmgroup.com\/es\/the-problem-with-typefaces-on-the-web\/\" class=\"tpg-post-link\" target=\"_self\">Escoger el Derecho de Cortadora de C\u00e9sped de Su Jard\u00edn<\/a><\/h3><\/div>\n\t\t\t\n\n\t\t\t                <div class=\"tpg-excerpt tpg-el-excerpt\">\n\t\t\t\t\t                        <div class=\"tpg-excerpt-inner\">\n\t\t\t\t\t\t\tIntroduction: A well-maintained lawn adds beauty and value to your home. Selecting the right lawn mower is crucial for achieving that perfect cut. Conclusion: Selecting the right lawn mower tailored...                        <\/div>\n\t\t\t\t\t\t\t\t\t\t                <\/div>\n\t\t\t\n\t\t\t        <div class=\"post-footer\">\n            <div class=\"post-footer\">\n                <div class=\"read-more\">\n                    <a data-id=\"1650\" href=\"https:\/\/emtop.gulfmgroup.com\/es\/the-problem-with-typefaces-on-the-web\/\" class=\"tpg-post-link\" target=\"_self\">Read More<\/a>                <\/div>\n            <\/div>\n        <\/div>\n                <\/div>\n    <\/div>\n<\/div>\n<div class=\"rt-col-md-4 rt-col-sm-6 rt-col-xs-12 default rt-grid-item post-1647 post type-post status-publish format-standard has-post-thumbnail hentry category-tablet\"        data-id=\"1647\">\n    <div class=\"rt-holder tpg-post-holder\">\n        <div class=\"rt-detail rt-el-content-wrapper\">\n\t\t\t                <div class=\"rt-img-holder tpg-el-image-wrap has-thumbnail\">\n\t\t\t\t\t<a data-id=\"1647\" href=\"https:\/\/emtop.gulfmgroup.com\/es\/but-i-must-explain-to-you-how-all-this-mistaken-idea\/\" class=\"tpg-post-link\" target=\"_self\">                        <img decoding=\"async\" src=\"https:\/\/emtop.gulfmgroup.com\/wp-content\/uploads\/2024\/05\/image006.png\"\n                             class=\"rt-img-responsive\"\n                             width=\"331\"\n                             height=\"203\"\n                             alt=\"Herramientas esenciales para Cada Entusiasta de los Coches del Garaje\" loading=\"lazy\">\n                        \n                            \n        <\/a>\n                <div class=\"overlay grid-hover-content\"><\/div>\n                        <\/div>\n\t\t\t\n\t\t\t<div class=\"entry-title-wrapper\"><h3 class=\"entry-title\"><a data-id=\"1647\" href=\"https:\/\/emtop.gulfmgroup.com\/es\/but-i-must-explain-to-you-how-all-this-mistaken-idea\/\" class=\"tpg-post-link\" target=\"_self\">Herramientas esenciales para Cada Entusiasta de los Coches del Garaje<\/a><\/h3><\/div>\n\t\t\t\n\n\t\t\t                <div class=\"tpg-excerpt tpg-el-excerpt\">\n\t\t\t\t\t                        <div class=\"tpg-excerpt-inner\">\n\t\t\t\t\t\t\tIntroduction: Having a well-equipped garage is crucial for any car enthusiast who enjoys performing maintenance and upgrades on their vehicle. Conclusion: Building a comprehensive set of automotive...                        <\/div>\n\t\t\t\t\t\t\t\t\t\t                <\/div>\n\t\t\t\n\t\t\t        <div class=\"post-footer\">\n            <div class=\"post-footer\">\n                <div class=\"read-more\">\n                    <a data-id=\"1647\" href=\"https:\/\/emtop.gulfmgroup.com\/es\/but-i-must-explain-to-you-how-all-this-mistaken-idea\/\" class=\"tpg-post-link\" target=\"_self\">Read More<\/a>                <\/div>\n            <\/div>\n        <\/div>\n                <\/div>\n    <\/div>\n<\/div>\n<div class=\"rt-col-md-4 rt-col-sm-6 rt-col-xs-12 default rt-grid-item post-1473 post type-post status-publish format-standard has-post-thumbnail hentry category-smartphone tag-phone tag-standart\"        data-id=\"1473\">\n    <div class=\"rt-holder tpg-post-holder\">\n        <div class=\"rt-detail rt-el-content-wrapper\">\n\t\t\t                <div class=\"rt-img-holder tpg-el-image-wrap has-thumbnail\">\n\t\t\t\t\t<a data-id=\"1473\" href=\"https:\/\/emtop.gulfmgroup.com\/es\/on-the-other-hand-we-provide-denounce-with-righteous\/\" class=\"tpg-post-link\" target=\"_self\">                        <img decoding=\"async\" src=\"https:\/\/emtop.gulfmgroup.com\/wp-content\/uploads\/2023\/03\/07ebba0dbaf3ac5150698a4ece476db5-768x380.jpg\"\n                             class=\"rt-img-responsive\"\n                             width=\"768\"\n                             height=\"380\"\n                             alt=\"La Evoluci\u00f3n de la Mano y Herramientas el\u00e9ctricas en Construcci\u00f3n\" loading=\"lazy\">\n                        \n                            \n        <\/a>\n                <div class=\"overlay grid-hover-content\"><\/div>\n                        <\/div>\n\t\t\t\n\t\t\t<div class=\"entry-title-wrapper\"><h3 class=\"entry-title\"><a data-id=\"1473\" href=\"https:\/\/emtop.gulfmgroup.com\/es\/on-the-other-hand-we-provide-denounce-with-righteous\/\" class=\"tpg-post-link\" target=\"_self\">La Evoluci\u00f3n de la Mano y Herramientas el\u00e9ctricas en Construcci\u00f3n<\/a><\/h3><\/div>\n\t\t\t\n\n\t\t\t                <div class=\"tpg-excerpt tpg-el-excerpt\">\n\t\t\t\t\t                        <div class=\"tpg-excerpt-inner\">\n\t\t\t\t\t\t\tThe construction industry, one of the oldest and most crucial, has undergone significant advancements over time, particularly in the tools used. From simple hand tools to advanced power tools, these...                        <\/div>\n\t\t\t\t\t\t\t\t\t\t                <\/div>\n\t\t\t\n\t\t\t        <div class=\"post-footer\">\n            <div class=\"post-footer\">\n                <div class=\"read-more\">\n                    <a data-id=\"1473\" href=\"https:\/\/emtop.gulfmgroup.com\/es\/on-the-other-hand-we-provide-denounce-with-righteous\/\" class=\"tpg-post-link\" target=\"_self\">Read More<\/a>                <\/div>\n            <\/div>\n        <\/div>\n                <\/div>\n    <\/div>\n<\/div>\n\t\t\t<\/div>\n\t\t\t\n\t\t<\/div>\n\t\t\t\t\t\t<\/div>\n\t\t\t\t<\/div>\n\t\t\t\t\t<\/div>\n\t\t\t\t<\/div>\n\t\t\t\t<\/div>","protected":false},"excerpt":{"rendered":"<p>Our Blog Choosing the Right Lawn Mower for Your Garden Introduction: A well-maintained lawn adds beauty and value to your home. Selecting the right lawn mower is crucial for achieving that perfect cut. Conclusion: Selecting the right lawn mower tailored&#8230; Read More The Evolution of Hand and Power Tools in Construction The construction industry, one<\/p>\n<div class=\"klb-readmore button\"><a class=\"btn link\" href=\"https:\/\/emtop.gulfmgroup.com\/es\/on-the-other-hand-we-provide-denounce-with-righteous\/\">Read More <i class=\"klbth-icon-right-arrow\"><\/i><\/a><\/div>","protected":false},"author":1,"featured_media":0,"parent":0,"menu_order":0,"comment_status":"closed","ping_status":"closed","template":"","meta":{"two_page_speed":[],"footnotes":""},"class_list":["post-7102","page","type-page","status-publish","hentry"],"rttpg_featured_image_url":null,"rttpg_author":{"display_name":"admin","author_link":"https:\/\/emtop.gulfmgroup.com\/es\/author\/admin\/"},"rttpg_comment":0,"rttpg_category":"","rttpg_excerpt":"Our Blog Choosing the Right Lawn Mower for Your Garden Introduction: A well-maintained lawn adds beauty and value to your home. Selecting the right lawn mower is crucial for achieving that perfect cut. Conclusion: Selecting the right lawn mower tailored&#8230; Read More The Evolution of Hand and Power Tools in Construction The construction industry, oneRead&hellip;","_links":{"self":[{"href":"https:\/\/emtop.gulfmgroup.com\/es\/wp-json\/wp\/v2\/pages\/7102","targetHints":{"allow":["GET"]}}],"collection":[{"href":"https:\/\/emtop.gulfmgroup.com\/es\/wp-json\/wp\/v2\/pages"}],"about":[{"href":"https:\/\/emtop.gulfmgroup.com\/es\/wp-json\/wp\/v2\/types\/page"}],"author":[{"embeddable":true,"href":"https:\/\/emtop.gulfmgroup.com\/es\/wp-json\/wp\/v2\/users\/1"}],"replies":[{"embeddable":true,"href":"https:\/\/emtop.gulfmgroup.com\/es\/wp-json\/wp\/v2\/comments?post=7102"}],"version-history":[{"count":7,"href":"https:\/\/emtop.gulfmgroup.com\/es\/wp-json\/wp\/v2\/pages\/7102\/revisions"}],"predecessor-version":[{"id":7125,"href":"https:\/\/emtop.gulfmgroup.com\/es\/wp-json\/wp\/v2\/pages\/7102\/revisions\/7125"}],"wp:attachment":[{"href":"https:\/\/emtop.gulfmgroup.com\/es\/wp-json\/wp\/v2\/media?parent=7102"}],"curies":[{"name":"wp","href":"https:\/\/api.w.org\/{rel}","templated":true}]}}